{"id":1625,"date":"2016-03-18T22:47:39","date_gmt":"2016-03-18T22:47:39","guid":{"rendered":"http:\/\/apptooltesterc.wpenginepowered.com\/terms-of-use\/"},"modified":"2018-02-19T16:54:14","modified_gmt":"2018-02-19T15:54:14","slug":"politique-de-confidentialite","status":"publish","type":"page","link":"https:\/\/apptooltester.com\/fr\/politique-de-confidentialite\/","title":{"rendered":"Politique de Confidentialit\u00e9"},"content":{"rendered":"<p>Chez AppToolTester.com, nous reconnaissons que la confidentialit\u00e9 de vos informations personnelles est importante. Voici des informations sur les types de donn\u00e9es personnelles que nous recevons et collectons lorsque vous visitez AppToolTester.com et comment nous prot\u00e9geons vos informations. Nous ne vendrons jamais vos informations personnelles \u00e0 des tiers.<\/p>\n<h3>Fichiers journaux<\/h3>\n<p>Comme pour la plupart des autres sites Web, nous collectons et utilisons les donn\u00e9es contenues dans les fichiers journaux. Les informations contenues dans les fichiers journaux comprennent votre adresse IP (protocole Internet), votre FAI (fournisseur de services Internet), le navigateur que vous avez utilis\u00e9 pour visiter notre site, le moment o\u00f9 vous avez visit\u00e9 notre site et les pages que vous avez visit\u00e9es sur notre site. Nous utilisons Google Analytics comme service Web pour suivre cette information.<\/p>\n<h3>Cookies<\/h3>\n<p>Nous utilisons des cookies pour stocker des informations lorsque vous visitez ce site. Vous pouvez choisir de d\u00e9sactiver ou d\u00e9sactiver s\u00e9lectivement nos cookies ou cookies tiers dans les param\u00e8tres de votre navigateur.<\/p>\n<h2>Conditions d&#8217;utilisation<\/h2>\n<p>L&#8217;utilisation de ce site Web et les informations distribu\u00e9es conjointement avec ce site Web vous sont offertes lors de votre acceptation des pr\u00e9sentes conditions d&#8217;utilisation et de notre politique de confidentialit\u00e9. Nous aurons le droit, \u00e0 notre enti\u00e8re discr\u00e9tion, de modifier, ajouter ou supprimer les termes ou conditions de ces Conditions d&#8217;utilisation sans pr\u00e9avis ni responsabilit\u00e9 envers vous. Tout changement apport\u00e9 aux pr\u00e9sentes conditions d&#8217;utilisation sera effective imm\u00e9diatement apr\u00e8s la publication de ces modifications sur ce site.<\/p>\n<h3>Contact Information:<\/h3>\n<p>ToolTester S.L.<br \/>\nRambla de Catalunya 125, \u00a03\u00ba 2\u00aa<br \/>\n08008 Barcelone<br \/>\nEspagne<br \/>\nE-Mail: help\u00a0[at]\u00a0apptooltester.com<br \/>\nVAT-ID: ESB67013227<br \/>\nPhone: +49.81333033496 (not for support)<\/p>\n<h3>Responsabilit\u00e9 du contenu<\/h3>\n<p>Ce site Web est uniquement \u00e0 des fins d&#8217;information et n&#8217;est pas destin\u00e9 \u00e0 fournir des conseils juridiques ou d&#8217;autres sorte. Nous d\u00e9clinons express\u00e9ment toutes les garanties de toute nature, qu&#8217;elles soient expresses ou implicites, y compris, mais sans s&#8217;y limiter, les garanties implicites de qualit\u00e9 marchande, d&#8217;ad\u00e9quation \u00e0 un usage particulier et de non-contrefa\u00e7on.<br \/>\nNous ne serons pas responsables, de quelque fa\u00e7on que ce soit, des dommages directs, indirects, sp\u00e9ciaux, de tiers ou indirects, des pertes ou des d\u00e9penses r\u00e9sultant de l&#8217;utilisation de www.apptooltester.com. Tout mat\u00e9riel t\u00e9l\u00e9charg\u00e9 ou autrement obtenu par l&#8217;utilisation des services se fait \u00e0 votre propre discr\u00e9tion et risque, et vous serez seul responsable de tout dommage \u00e0 votre syst\u00e8me informatique ou de la perte de donn\u00e9es r\u00e9sultant du t\u00e9l\u00e9chargement d&#8217;un tel mat\u00e9riel. Nous ne serons pas responsables de toute d\u00e9pendance pr\u00e9judiciable que vous pouvez placer sur le site ou son contenu.<\/p>\n<h3>Responsabilit\u00e9 pour les liens<\/h3>\n<p>Notre site contient des liens vers des sites Web tiers. Nous n&#8217;avons aucune influence sur les informations contenues dans ces sites Web et n&#8217;acceptons aucune garantie pour sa justesse. Le contenu de ces sites tiers incombe aux propri\u00e9taires \/ fournisseurs respectifs.<br \/>\n\u00c0 l&#8217;\u00e9poque, les sites Web tiers \u00e9taient li\u00e9s \u00e0 la n\u00f4tre, nous ne trouvions aucun motif de toute contravention probable \u00e0 la loi. Nous nous devons de rapidement supprimer un lien sil nous prenons conscience qu&#8217;il viole la loi.<\/p>\n<h3>Liens d&#8217;affiliation<\/h3>\n<p>Ce site est subventionn\u00e9 principalement par des liens affili\u00e9s. Cela signifie que nous recevons une commission lorsque quelqu&#8217;un devient un client payant chez un fournisseur avec lequel nous sommes en partenariat. Veuillez noter que l&#8217;ind\u00e9pendance et l&#8217;objectivit\u00e9 sont au c\u0153ur de nos rapports de tests. C&#8217;est pourquoi nous ne recommandons jamais un produit dont nous ne sommes pas enti\u00e8rement convaincus. Dans le cas o\u00f9 vous devriez avoir des inqui\u00e9tudes concernant l&#8217;un de nos r\u00e9sultats d&#8217;essais, <a href=\"http:\/\/apptooltesterc.wpenginepowered.com\/fr\/contact\/\">faites-le nous savoir<\/a>!<\/p>\n<h3>Droits r\u00e9serv\u00e9s<\/h3>\n<p>Le contenu et les travaux fournis sur ces pages Web sont r\u00e9gis par les lois sur le droit d&#8217;auteur de l&#8217;Allemagne. La duplication, le traitement, la distribution ou toute forme de commercialisation de ces documents au-del\u00e0 de la port\u00e9e de la loi sur le droit d&#8217;auteur exigent le consentement \u00e9crit pr\u00e9alable de leur auteur ou cr\u00e9ateur respectif.<\/p>\n","protected":false},"excerpt":{"rendered":"<p>Chez AppToolTester.com, nous reconnaissons que la confidentialit\u00e9 de vos informations personnelles est importante. Voici des informations sur les types de donn\u00e9es personnelles que nous recevons et collectons lorsque vous visitez AppToolTester.com et comment nous prot\u00e9geons vos informations. Nous ne vendrons jamais vos informations personnelles \u00e0 des tiers. Fichiers journaux Comme pour la plupart des autres <\/p>\n","protected":false},"author":2,"featured_media":0,"parent":0,"menu_order":0,"comment_status":"closed","ping_status":"closed","template":"","meta":{"_acf_changed":false,"_lmt_disableupdate":"","_lmt_disable":"","footnotes":""},"class_list":["post-1625","page","type-page","status-publish","hentry"],"acf":[],"yoast_head":"<!-- This site is optimized with the Yoast SEO plugin v26.3 - https:\/\/yoast.com\/wordpress\/plugins\/seo\/ -->\n<title>Politique de Confidentialit\u00e9 - AppToolTester<\/title>\n<meta name=\"robots\" content=\"index, follow, max-snippet:-1, max-image-preview:large, max-video-preview:-1\" \/>\n<link rel=\"canonical\" href=\"https:\/\/apptooltester.com\/fr\/politique-de-confidentialite\/\" \/>\n<meta property=\"og:locale\" content=\"fr_FR\" \/>\n<meta property=\"og:type\" content=\"article\" \/>\n<meta property=\"og:title\" content=\"Politique de Confidentialit\u00e9 - AppToolTester\" \/>\n<meta property=\"og:description\" content=\"Chez AppToolTester.com, nous reconnaissons que la confidentialit\u00e9 de vos informations personnelles est importante. Voici des informations sur les types de donn\u00e9es personnelles que nous recevons et collectons lorsque vous visitez AppToolTester.com et comment nous prot\u00e9geons vos informations. Nous ne vendrons jamais vos informations personnelles \u00e0 des tiers. Fichiers journaux Comme pour la plupart des autres [&hellip;]\" \/>\n<meta property=\"og:url\" content=\"https:\/\/apptooltester.com\/fr\/politique-de-confidentialite\/\" \/>\n<meta property=\"og:site_name\" content=\"AppToolTester\" \/>\n<meta property=\"article:publisher\" content=\"https:\/\/facebook.com\/apptooltester\" \/>\n<meta property=\"article:modified_time\" content=\"2018-02-19T15:54:14+00:00\" \/>\n<meta name=\"twitter:card\" content=\"summary_large_image\" \/>\n<meta name=\"twitter:site\" content=\"@apptooltester\" \/>\n<meta name=\"twitter:label1\" content=\"Est. reading time\" \/>\n\t<meta name=\"twitter:data1\" content=\"3 minutes\" \/>\n<script type=\"application\/ld+json\" class=\"yoast-schema-graph\">{\"@context\":\"https:\/\/schema.org\",\"@graph\":[{\"@type\":\"WebPage\",\"@id\":\"https:\/\/apptooltester.com\/fr\/politique-de-confidentialite\/\",\"url\":\"https:\/\/apptooltester.com\/fr\/politique-de-confidentialite\/\",\"name\":\"Politique de Confidentialit\u00e9 - AppToolTester\",\"isPartOf\":{\"@id\":\"https:\/\/apptooltester.com\/de\/#website\"},\"datePublished\":\"2016-03-18T22:47:39+00:00\",\"dateModified\":\"2018-02-19T15:54:14+00:00\",\"breadcrumb\":{\"@id\":\"https:\/\/apptooltester.com\/fr\/politique-de-confidentialite\/#breadcrumb\"},\"inLanguage\":\"fr-FR\",\"potentialAction\":[{\"@type\":\"ReadAction\",\"target\":[\"https:\/\/apptooltester.com\/fr\/politique-de-confidentialite\/\"]}]},{\"@type\":\"BreadcrumbList\",\"@id\":\"https:\/\/apptooltester.com\/fr\/politique-de-confidentialite\/#breadcrumb\",\"itemListElement\":[{\"@type\":\"ListItem\",\"position\":1,\"name\":\"Home\",\"item\":\"https:\/\/apptooltester.com\/fr\/\"},{\"@type\":\"ListItem\",\"position\":2,\"name\":\"Politique de Confidentialit\u00e9\"}]},{\"@type\":\"WebSite\",\"@id\":\"https:\/\/apptooltester.com\/de\/#website\",\"url\":\"https:\/\/apptooltester.com\/de\/\",\"name\":\"AppToolTester\",\"description\":\"Find the right app maker for your project\",\"potentialAction\":[{\"@type\":\"SearchAction\",\"target\":{\"@type\":\"EntryPoint\",\"urlTemplate\":\"https:\/\/apptooltester.com\/de\/?s={search_term_string}\"},\"query-input\":{\"@type\":\"PropertyValueSpecification\",\"valueRequired\":true,\"valueName\":\"search_term_string\"}}],\"inLanguage\":\"fr-FR\"}]}<\/script>\n<!-- \/ Yoast SEO plugin. -->","yoast_head_json":{"title":"Politique de Confidentialit\u00e9 - AppToolTester","robots":{"index":"index","follow":"follow","max-snippet":"max-snippet:-1","max-image-preview":"max-image-preview:large","max-video-preview":"max-video-preview:-1"},"canonical":"https:\/\/apptooltester.com\/fr\/politique-de-confidentialite\/","og_locale":"fr_FR","og_type":"article","og_title":"Politique de Confidentialit\u00e9 - AppToolTester","og_description":"Chez AppToolTester.com, nous reconnaissons que la confidentialit\u00e9 de vos informations personnelles est importante. Voici des informations sur les types de donn\u00e9es personnelles que nous recevons et collectons lorsque vous visitez AppToolTester.com et comment nous prot\u00e9geons vos informations. Nous ne vendrons jamais vos informations personnelles \u00e0 des tiers. Fichiers journaux Comme pour la plupart des autres [&hellip;]","og_url":"https:\/\/apptooltester.com\/fr\/politique-de-confidentialite\/","og_site_name":"AppToolTester","article_publisher":"https:\/\/facebook.com\/apptooltester","article_modified_time":"2018-02-19T15:54:14+00:00","twitter_card":"summary_large_image","twitter_site":"@apptooltester","twitter_misc":{"Est. reading time":"3 minutes"},"schema":{"@context":"https:\/\/schema.org","@graph":[{"@type":"WebPage","@id":"https:\/\/apptooltester.com\/fr\/politique-de-confidentialite\/","url":"https:\/\/apptooltester.com\/fr\/politique-de-confidentialite\/","name":"Politique de Confidentialit\u00e9 - AppToolTester","isPartOf":{"@id":"https:\/\/apptooltester.com\/de\/#website"},"datePublished":"2016-03-18T22:47:39+00:00","dateModified":"2018-02-19T15:54:14+00:00","breadcrumb":{"@id":"https:\/\/apptooltester.com\/fr\/politique-de-confidentialite\/#breadcrumb"},"inLanguage":"fr-FR","potentialAction":[{"@type":"ReadAction","target":["https:\/\/apptooltester.com\/fr\/politique-de-confidentialite\/"]}]},{"@type":"BreadcrumbList","@id":"https:\/\/apptooltester.com\/fr\/politique-de-confidentialite\/#breadcrumb","itemListElement":[{"@type":"ListItem","position":1,"name":"Home","item":"https:\/\/apptooltester.com\/fr\/"},{"@type":"ListItem","position":2,"name":"Politique de Confidentialit\u00e9"}]},{"@type":"WebSite","@id":"https:\/\/apptooltester.com\/de\/#website","url":"https:\/\/apptooltester.com\/de\/","name":"AppToolTester","description":"Find the right app maker for your project","potentialAction":[{"@type":"SearchAction","target":{"@type":"EntryPoint","urlTemplate":"https:\/\/apptooltester.com\/de\/?s={search_term_string}"},"query-input":{"@type":"PropertyValueSpecification","valueRequired":true,"valueName":"search_term_string"}}],"inLanguage":"fr-FR"}]}},"_links":{"self":[{"href":"https:\/\/apptooltester.com\/fr\/wp-json\/wp\/v2\/pages\/1625","targetHints":{"allow":["GET"]}}],"collection":[{"href":"https:\/\/apptooltester.com\/fr\/wp-json\/wp\/v2\/pages"}],"about":[{"href":"https:\/\/apptooltester.com\/fr\/wp-json\/wp\/v2\/types\/page"}],"author":[{"embeddable":true,"href":"https:\/\/apptooltester.com\/fr\/wp-json\/wp\/v2\/users\/2"}],"replies":[{"embeddable":true,"href":"https:\/\/apptooltester.com\/fr\/wp-json\/wp\/v2\/comments?post=1625"}],"version-history":[{"count":0,"href":"https:\/\/apptooltester.com\/fr\/wp-json\/wp\/v2\/pages\/1625\/revisions"}],"wp:attachment":[{"href":"https:\/\/apptooltester.com\/fr\/wp-json\/wp\/v2\/media?parent=1625"}],"curies":[{"name":"wp","href":"https:\/\/api.w.org\/{rel}","templated":true}]}}