{"id":1611,"date":"2016-03-16T04:19:44","date_gmt":"2016-03-16T04:19:44","guid":{"rendered":"http:\/\/apptooltesterc.wpenginepowered.com\/best-app-maker\/"},"modified":"2018-10-09T09:31:43","modified_gmt":"2018-10-09T08:31:43","slug":"meilleur-editeur-d-applications","status":"publish","type":"page","link":"https:\/\/apptooltester.com\/fr\/meilleur-editeur-d-applications\/","title":{"rendered":"Les Meilleurs Editeurs D&#8217;Applications"},"content":{"rendered":"","protected":false},"excerpt":{"rendered":"","protected":false},"author":2,"featured_media":0,"parent":0,"menu_order":0,"comment_status":"open","ping_status":"closed","template":"comparison.php","meta":{"_acf_changed":false,"_lmt_disableupdate":"","_lmt_disable":"","footnotes":""},"class_list":["post-1611","page","type-page","status-publish","hentry"],"acf":[],"yoast_head":"<!-- This site is optimized with the Yoast SEO plugin v26.3 - https:\/\/yoast.com\/wordpress\/plugins\/seo\/ -->\n<title>Trouvez le Meilleur Editeur D&#039;Applications en Ligne Ici!<\/title>\n<meta name=\"description\" content=\"Vous cherchez un \u00e9diteur d&#039;applications bon march\u00e9 et efficace pour votre project d&#039;appli? Trouvez le grace a nos revues completes et hon\u00eates.\" \/>\n<meta name=\"robots\" content=\"index, follow, max-snippet:-1, max-image-preview:large, max-video-preview:-1\" \/>\n<link rel=\"canonical\" href=\"https:\/\/apptooltester.com\/fr\/meilleur-editeur-d-applications\/\" \/>\n<meta property=\"og:locale\" content=\"fr_FR\" \/>\n<meta property=\"og:type\" content=\"article\" \/>\n<meta property=\"og:title\" content=\"Trouvez le Meilleur Editeur D&#039;Applications en Ligne Ici!\" \/>\n<meta property=\"og:description\" content=\"Vous cherchez un \u00e9diteur d&#039;applications bon march\u00e9 et efficace pour votre project d&#039;appli? Trouvez le grace a nos revues completes et hon\u00eates.\" \/>\n<meta property=\"og:url\" content=\"https:\/\/apptooltester.com\/fr\/meilleur-editeur-d-applications\/\" \/>\n<meta property=\"og:site_name\" content=\"AppToolTester\" \/>\n<meta property=\"article:publisher\" content=\"https:\/\/facebook.com\/apptooltester\" \/>\n<meta property=\"article:modified_time\" content=\"2018-10-09T08:31:43+00:00\" \/>\n<meta name=\"twitter:card\" content=\"summary_large_image\" \/>\n<meta name=\"twitter:site\" content=\"@apptooltester\" \/>\n<script type=\"application\/ld+json\" class=\"yoast-schema-graph\">{\"@context\":\"https:\/\/schema.org\",\"@graph\":[{\"@type\":\"WebPage\",\"@id\":\"https:\/\/apptooltester.com\/fr\/meilleur-editeur-d-applications\/\",\"url\":\"https:\/\/apptooltester.com\/fr\/meilleur-editeur-d-applications\/\",\"name\":\"Trouvez le Meilleur Editeur D'Applications en Ligne Ici!\",\"isPartOf\":{\"@id\":\"https:\/\/apptooltester.com\/de\/#website\"},\"datePublished\":\"2016-03-16T04:19:44+00:00\",\"dateModified\":\"2018-10-09T08:31:43+00:00\",\"description\":\"Vous cherchez un \u00e9diteur d'applications bon march\u00e9 et efficace pour votre project d'appli? Trouvez le grace a nos revues completes et hon\u00eates.\",\"breadcrumb\":{\"@id\":\"https:\/\/apptooltester.com\/fr\/meilleur-editeur-d-applications\/#breadcrumb\"},\"inLanguage\":\"fr-FR\",\"potentialAction\":[{\"@type\":\"ReadAction\",\"target\":[\"https:\/\/apptooltester.com\/fr\/meilleur-editeur-d-applications\/\"]}]},{\"@type\":\"BreadcrumbList\",\"@id\":\"https:\/\/apptooltester.com\/fr\/meilleur-editeur-d-applications\/#breadcrumb\",\"itemListElement\":[{\"@type\":\"ListItem\",\"position\":1,\"name\":\"Home\",\"item\":\"https:\/\/apptooltester.com\/fr\/\"},{\"@type\":\"ListItem\",\"position\":2,\"name\":\"Best App Makers\"}]},{\"@type\":\"WebSite\",\"@id\":\"https:\/\/apptooltester.com\/de\/#website\",\"url\":\"https:\/\/apptooltester.com\/de\/\",\"name\":\"AppToolTester\",\"description\":\"Find the right app maker for your project\",\"potentialAction\":[{\"@type\":\"SearchAction\",\"target\":{\"@type\":\"EntryPoint\",\"urlTemplate\":\"https:\/\/apptooltester.com\/de\/?s={search_term_string}\"},\"query-input\":{\"@type\":\"PropertyValueSpecification\",\"valueRequired\":true,\"valueName\":\"search_term_string\"}}],\"inLanguage\":\"fr-FR\"}]}<\/script>\n<!-- \/ Yoast SEO plugin. -->","yoast_head_json":{"title":"Trouvez le Meilleur Editeur D'Applications en Ligne Ici!","description":"Vous cherchez un \u00e9diteur d'applications bon march\u00e9 et efficace pour votre project d'appli? Trouvez le grace a nos revues completes et hon\u00eates.","robots":{"index":"index","follow":"follow","max-snippet":"max-snippet:-1","max-image-preview":"max-image-preview:large","max-video-preview":"max-video-preview:-1"},"canonical":"https:\/\/apptooltester.com\/fr\/meilleur-editeur-d-applications\/","og_locale":"fr_FR","og_type":"article","og_title":"Trouvez le Meilleur Editeur D'Applications en Ligne Ici!","og_description":"Vous cherchez un \u00e9diteur d'applications bon march\u00e9 et efficace pour votre project d'appli? Trouvez le grace a nos revues completes et hon\u00eates.","og_url":"https:\/\/apptooltester.com\/fr\/meilleur-editeur-d-applications\/","og_site_name":"AppToolTester","article_publisher":"https:\/\/facebook.com\/apptooltester","article_modified_time":"2018-10-09T08:31:43+00:00","twitter_card":"summary_large_image","twitter_site":"@apptooltester","schema":{"@context":"https:\/\/schema.org","@graph":[{"@type":"WebPage","@id":"https:\/\/apptooltester.com\/fr\/meilleur-editeur-d-applications\/","url":"https:\/\/apptooltester.com\/fr\/meilleur-editeur-d-applications\/","name":"Trouvez le Meilleur Editeur D'Applications en Ligne Ici!","isPartOf":{"@id":"https:\/\/apptooltester.com\/de\/#website"},"datePublished":"2016-03-16T04:19:44+00:00","dateModified":"2018-10-09T08:31:43+00:00","description":"Vous cherchez un \u00e9diteur d'applications bon march\u00e9 et efficace pour votre project d'appli? Trouvez le grace a nos revues completes et hon\u00eates.","breadcrumb":{"@id":"https:\/\/apptooltester.com\/fr\/meilleur-editeur-d-applications\/#breadcrumb"},"inLanguage":"fr-FR","potentialAction":[{"@type":"ReadAction","target":["https:\/\/apptooltester.com\/fr\/meilleur-editeur-d-applications\/"]}]},{"@type":"BreadcrumbList","@id":"https:\/\/apptooltester.com\/fr\/meilleur-editeur-d-applications\/#breadcrumb","itemListElement":[{"@type":"ListItem","position":1,"name":"Home","item":"https:\/\/apptooltester.com\/fr\/"},{"@type":"ListItem","position":2,"name":"Best App Makers"}]},{"@type":"WebSite","@id":"https:\/\/apptooltester.com\/de\/#website","url":"https:\/\/apptooltester.com\/de\/","name":"AppToolTester","description":"Find the right app maker for your project","potentialAction":[{"@type":"SearchAction","target":{"@type":"EntryPoint","urlTemplate":"https:\/\/apptooltester.com\/de\/?s={search_term_string}"},"query-input":{"@type":"PropertyValueSpecification","valueRequired":true,"valueName":"search_term_string"}}],"inLanguage":"fr-FR"}]}},"_links":{"self":[{"href":"https:\/\/apptooltester.com\/fr\/wp-json\/wp\/v2\/pages\/1611","targetHints":{"allow":["GET"]}}],"collection":[{"href":"https:\/\/apptooltester.com\/fr\/wp-json\/wp\/v2\/pages"}],"about":[{"href":"https:\/\/apptooltester.com\/fr\/wp-json\/wp\/v2\/types\/page"}],"author":[{"embeddable":true,"href":"https:\/\/apptooltester.com\/fr\/wp-json\/wp\/v2\/users\/2"}],"replies":[{"embeddable":true,"href":"https:\/\/apptooltester.com\/fr\/wp-json\/wp\/v2\/comments?post=1611"}],"version-history":[{"count":0,"href":"https:\/\/apptooltester.com\/fr\/wp-json\/wp\/v2\/pages\/1611\/revisions"}],"wp:attachment":[{"href":"https:\/\/apptooltester.com\/fr\/wp-json\/wp\/v2\/media?parent=1611"}],"curies":[{"name":"wp","href":"https:\/\/api.w.org\/{rel}","templated":true}]}}