{"id":1608,"date":"2016-12-09T12:42:20","date_gmt":"2016-12-09T11:42:20","guid":{"rendered":"http:\/\/apptooltesterc.wpenginepowered.com\/app-builder-reviews\/"},"modified":"2017-09-28T11:08:06","modified_gmt":"2017-09-28T10:08:06","slug":"editeur-applications-revues","status":"publish","type":"page","link":"https:\/\/apptooltester.com\/fr\/editeur-applications-revues\/","title":{"rendered":"App Maker Comparison Tool"},"content":{"rendered":"<p>&nbsp;<\/p>\n<h2>Comment utiliser l&#8217;outil de comparaison?<\/h2>\n<p>Nous voulions cr\u00e9er un outil qui prends en compte toutes nos informations pour chaque cr\u00e9ateur d&#8217;application, tout en vous permettant de les comparer c\u00f4te \u00e0 c\u00f4te. Si vous \u00eates comme moi, rassembler tous les faits avant de prendre une d\u00e9cision est vraiment important!<\/p>\n<p>Avec notre outil de comparaison, vous obtenez essentiellement l&#8217;essentiel de la revue. Pourquoi? Parce que vous ne recevez pas simplement l&#8217;information \u00aben un coup d&#8217;\u0153il\u00bb, nous avons \u00e9galement inclus les d\u00e9tails complets de nos tableaux d&#8217;\u00e9valuation dans l&#8217;outil. Tout ce qu&#8217;il vous reste a faire c&#8217;est de passer votre souris sur les titres des sections pour que les informations suppl\u00e9mentaires s&#8217;affichent!<\/p>\n<p>Ce n&#8217;est que notre top 5, mais vous pouvez facilement m\u00e9langer et r\u00e9organiser tout \u00e7a. Il suffit de cliquer sur les croix dans le coin sup\u00e9rieur droit pour enlever une solution, et pour en ajouter de nouveaux, cliquez sur le grand symbole \u00abplus\u00bb rouge \u00e0 gauche. Pas trop difficile? Oh, et ils seront toujours class\u00e9s dans l&#8217;ordre du plus haut au plus bas, de gauche \u00e0 droite, peu importe ceux que vous choisissez.<\/p>\n<p>&nbsp;<\/p>\n<h3>Nos \u00e9diteurs d&#8217;applis pr\u00e9f\u00e9r\u00e9s<\/h3>\n<p><strong>GoodBarber<\/strong>\u00a0est notre solution pr\u00e9f\u00e9r\u00e9e en raison de leur effort sur la flexibilit\u00e9, mais aussi sur leur gamme de fonctionnalit\u00e9s. Il existe de nombreux th\u00e8mes d&#8217;apparence professionnelle \u00e0 choisir, puis une personnalisation \u00e9tendue, simple \u00e0 faire sans avoir besoin de dipl\u00f4me en design. GoodBarber offre \u00e9galement d&#8217;excellentes fonctionnalit\u00e9s bas\u00e9es sur la localisation et la communaut\u00e9. <a href=\"http:\/\/apptooltesterc.wpenginepowered.com\/reviews\/goodbarber\/\" target=\"_blank\">Lisez l&#8217;article sur GoodBarber complet ici (en Anglais).<\/a><\/p>\n<p>&nbsp;<\/p>\n<p><strong>AppMachine\u00a0<\/strong>sait un peu tout faire. Sans se concentrer sur une cat\u00e9gorie d&#8217;application sp\u00e9cifique, ils couvrent la plupart des options avec leurs fonctionnalit\u00e9s. Ils disposent d&#8217;une gamme de fonctionnalit\u00e9s pro puissantes, qui leur sont propres, qui peuvent \u00e9galement \u00eatre test\u00e9es dans la p\u00e9riode d&#8217;essai gratuite. Et leur conception de blocs de style ludique, genre Lego, cr\u00e9e une exp\u00e9rience conviviale pour tous.<a href=\"http:\/\/apptooltesterc.wpenginepowered.com\/reviews\/appmachine\/\" target=\"_blank\">Lisez l&#8217;article complet sur AppMachine ici (en Anglais)<\/a><a href=\"http:\/\/apptooltesterc.wpenginepowered.com\/reviews\/appmachine\/\" target=\"_blank\">.<\/a><\/p>\n<p>&nbsp;<\/p>\n<p><strong>Shoutem<\/strong> a aussi plein de fonctions &#8220;sociales&#8221;, comme un chat et des murs \u00e0 la Facebook et ils couvrent aussi bien la g\u00e9o localisation. Leur design n&#8217;est pas aussi top que notre solution pr\u00e9f\u00e9r\u00e9e, mais cela vaut le coup de prendre le temps de d\u00e9couvrir leurs fonctions.<a href=\"http:\/\/apptooltesterc.wpenginepowered.com\/reviews\/shoutem\/\" target=\"_blank\">Lisez l&#8217;article complet sur Shoutem (en Anglais)<\/a><a href=\"http:\/\/apptooltesterc.wpenginepowered.com\/reviews\/shoutem\/\" target=\"_blank\">.<\/a><\/p>\n<p>&nbsp;<\/p>\n<p><strong>Bizness Apps<\/strong> combine des fonctionnalit\u00e9s de niche avec une forte concentration sur le commerce \u00e9lectronique. Ils ont un excellent soutien, et leurs offres bas\u00e9es sur la localisation devraient offrir tout le n\u00e9cessaire pour les applications de toutes cat\u00e9gories.<a href=\"http:\/\/apptooltesterc.wpenginepowered.com\/reviews\/biznessapps\/\" target=\"_blank\">Lisez l&#8217;article complet sur Shoutem (en Anglais)<\/a><a href=\"http:\/\/apptooltesterc.wpenginepowered.com\/reviews\/biznessapps\/\" target=\"_blank\">.<\/a><\/p>\n<p>&nbsp;<\/p>\n<p><strong>Swiftic\u00a0<\/strong>est LA solution ecommerce. i vous avez un magasin, qu&#8217;il existe d\u00e9j\u00e0 sous une forme ou une autre, ou si vous devez en cr\u00e9er un \u00e0 partir de z\u00e9ro, Swiftic est votre meilleure option.<a href=\"http:\/\/apptooltesterc.wpenginepowered.com\/reviews\/swiftic\/\" target=\"_blank\">Lisez l&#8217;article complet sur Swiftic (en Anglais)<\/a><a href=\"http:\/\/apptooltesterc.wpenginepowered.com\/reviews\/swiftic\/\" target=\"_blank\">.<\/a><\/p>\n<p>&nbsp;<\/p>\n<p>Malheureusement, nous n&#8217;avons pas pu tout mettre sur cette page, mais si vous souhaitez en savoir plus sur chaque \u00e9diteur d&#8217;applications, consultez nos examens approfondis. Vous trouverez des critiques vid\u00e9o, des avantages et des inconv\u00e9nients, des captures d&#8217;\u00e9cran et plus encore!<\/p>\n<p>Si vous avez des questions, <a href=\"http:\/\/apptooltesterc.wpenginepowered.com\/fr\/contact-us\/\">contactez nous<\/a>. On a hate de lire vos questions!<\/p>\n","protected":false},"excerpt":{"rendered":"<p>&nbsp; Comment utiliser l&#8217;outil de comparaison? Nous voulions cr\u00e9er un outil qui prends en compte toutes nos informations pour chaque cr\u00e9ateur d&#8217;application, tout en vous permettant de les comparer c\u00f4te \u00e0 c\u00f4te. Si vous \u00eates comme moi, rassembler tous les faits avant de prendre une d\u00e9cision est vraiment important! Avec notre outil de comparaison, vous <\/p>\n","protected":false},"author":8,"featured_media":0,"parent":0,"menu_order":0,"comment_status":"closed","ping_status":"closed","template":"comparison-pages.php","meta":{"_acf_changed":false,"_lmt_disableupdate":"","_lmt_disable":"","footnotes":""},"class_list":["post-1608","page","type-page","status-publish","hentry"],"acf":[],"yoast_head":"<!-- This site is optimized with the Yoast SEO plugin v26.3 - https:\/\/yoast.com\/wordpress\/plugins\/seo\/ -->\n<title>Top 5 Des Editeurs D&#039;applis Outil de Comparaison<\/title>\n<meta name=\"description\" content=\"Comparez nos 5 \u00e9diteurs d&#039;applis pr\u00e9f\u00e9r\u00e9s en un coup d&#039;oeil. Nous avons l&#039;essentiel de chaque plateforme c\u00f4te \u00e0 c\u00f4te pour vous.\" \/>\n<meta name=\"robots\" content=\"index, follow, max-snippet:-1, max-image-preview:large, max-video-preview:-1\" \/>\n<link rel=\"canonical\" href=\"https:\/\/apptooltester.com\/fr\/editeur-applications-revues\/\" \/>\n<meta property=\"og:locale\" content=\"fr_FR\" \/>\n<meta property=\"og:type\" content=\"article\" \/>\n<meta property=\"og:title\" content=\"Top 5 Des Editeurs D&#039;applis Outil de Comparaison\" \/>\n<meta property=\"og:description\" content=\"Comparez nos 5 \u00e9diteurs d&#039;applis pr\u00e9f\u00e9r\u00e9s en un coup d&#039;oeil. Nous avons l&#039;essentiel de chaque plateforme c\u00f4te \u00e0 c\u00f4te pour vous.\" \/>\n<meta property=\"og:url\" content=\"https:\/\/apptooltester.com\/fr\/editeur-applications-revues\/\" \/>\n<meta property=\"og:site_name\" content=\"AppToolTester\" \/>\n<meta property=\"article:publisher\" content=\"https:\/\/facebook.com\/apptooltester\" \/>\n<meta property=\"article:modified_time\" content=\"2017-09-28T10:08:06+00:00\" \/>\n<meta name=\"twitter:card\" content=\"summary_large_image\" \/>\n<meta name=\"twitter:site\" content=\"@apptooltester\" \/>\n<meta name=\"twitter:label1\" content=\"Est. reading time\" \/>\n\t<meta name=\"twitter:data1\" content=\"3 minutes\" \/>\n<script type=\"application\/ld+json\" class=\"yoast-schema-graph\">{\"@context\":\"https:\/\/schema.org\",\"@graph\":[{\"@type\":\"WebPage\",\"@id\":\"https:\/\/apptooltester.com\/fr\/editeur-applications-revues\/\",\"url\":\"https:\/\/apptooltester.com\/fr\/editeur-applications-revues\/\",\"name\":\"Top 5 Des Editeurs D'applis Outil de Comparaison\",\"isPartOf\":{\"@id\":\"https:\/\/apptooltester.com\/de\/#website\"},\"datePublished\":\"2016-12-09T11:42:20+00:00\",\"dateModified\":\"2017-09-28T10:08:06+00:00\",\"description\":\"Comparez nos 5 \u00e9diteurs d'applis pr\u00e9f\u00e9r\u00e9s en un coup d'oeil. Nous avons l'essentiel de chaque plateforme c\u00f4te \u00e0 c\u00f4te pour vous.\",\"breadcrumb\":{\"@id\":\"https:\/\/apptooltester.com\/fr\/editeur-applications-revues\/#breadcrumb\"},\"inLanguage\":\"fr-FR\",\"potentialAction\":[{\"@type\":\"ReadAction\",\"target\":[\"https:\/\/apptooltester.com\/fr\/editeur-applications-revues\/\"]}]},{\"@type\":\"BreadcrumbList\",\"@id\":\"https:\/\/apptooltester.com\/fr\/editeur-applications-revues\/#breadcrumb\",\"itemListElement\":[{\"@type\":\"ListItem\",\"position\":1,\"name\":\"Home\",\"item\":\"https:\/\/apptooltester.com\/fr\/\"},{\"@type\":\"ListItem\",\"position\":2,\"name\":\"App Maker Comparison Tool\"}]},{\"@type\":\"WebSite\",\"@id\":\"https:\/\/apptooltester.com\/de\/#website\",\"url\":\"https:\/\/apptooltester.com\/de\/\",\"name\":\"AppToolTester\",\"description\":\"Find the right app maker for your project\",\"potentialAction\":[{\"@type\":\"SearchAction\",\"target\":{\"@type\":\"EntryPoint\",\"urlTemplate\":\"https:\/\/apptooltester.com\/de\/?s={search_term_string}\"},\"query-input\":{\"@type\":\"PropertyValueSpecification\",\"valueRequired\":true,\"valueName\":\"search_term_string\"}}],\"inLanguage\":\"fr-FR\"}]}<\/script>\n<!-- \/ Yoast SEO plugin. -->","yoast_head_json":{"title":"Top 5 Des Editeurs D'applis Outil de Comparaison","description":"Comparez nos 5 \u00e9diteurs d'applis pr\u00e9f\u00e9r\u00e9s en un coup d'oeil. Nous avons l'essentiel de chaque plateforme c\u00f4te \u00e0 c\u00f4te pour vous.","robots":{"index":"index","follow":"follow","max-snippet":"max-snippet:-1","max-image-preview":"max-image-preview:large","max-video-preview":"max-video-preview:-1"},"canonical":"https:\/\/apptooltester.com\/fr\/editeur-applications-revues\/","og_locale":"fr_FR","og_type":"article","og_title":"Top 5 Des Editeurs D'applis Outil de Comparaison","og_description":"Comparez nos 5 \u00e9diteurs d'applis pr\u00e9f\u00e9r\u00e9s en un coup d'oeil. Nous avons l'essentiel de chaque plateforme c\u00f4te \u00e0 c\u00f4te pour vous.","og_url":"https:\/\/apptooltester.com\/fr\/editeur-applications-revues\/","og_site_name":"AppToolTester","article_publisher":"https:\/\/facebook.com\/apptooltester","article_modified_time":"2017-09-28T10:08:06+00:00","twitter_card":"summary_large_image","twitter_site":"@apptooltester","twitter_misc":{"Est. reading time":"3 minutes"},"schema":{"@context":"https:\/\/schema.org","@graph":[{"@type":"WebPage","@id":"https:\/\/apptooltester.com\/fr\/editeur-applications-revues\/","url":"https:\/\/apptooltester.com\/fr\/editeur-applications-revues\/","name":"Top 5 Des Editeurs D'applis Outil de Comparaison","isPartOf":{"@id":"https:\/\/apptooltester.com\/de\/#website"},"datePublished":"2016-12-09T11:42:20+00:00","dateModified":"2017-09-28T10:08:06+00:00","description":"Comparez nos 5 \u00e9diteurs d'applis pr\u00e9f\u00e9r\u00e9s en un coup d'oeil. Nous avons l'essentiel de chaque plateforme c\u00f4te \u00e0 c\u00f4te pour vous.","breadcrumb":{"@id":"https:\/\/apptooltester.com\/fr\/editeur-applications-revues\/#breadcrumb"},"inLanguage":"fr-FR","potentialAction":[{"@type":"ReadAction","target":["https:\/\/apptooltester.com\/fr\/editeur-applications-revues\/"]}]},{"@type":"BreadcrumbList","@id":"https:\/\/apptooltester.com\/fr\/editeur-applications-revues\/#breadcrumb","itemListElement":[{"@type":"ListItem","position":1,"name":"Home","item":"https:\/\/apptooltester.com\/fr\/"},{"@type":"ListItem","position":2,"name":"App Maker Comparison Tool"}]},{"@type":"WebSite","@id":"https:\/\/apptooltester.com\/de\/#website","url":"https:\/\/apptooltester.com\/de\/","name":"AppToolTester","description":"Find the right app maker for your project","potentialAction":[{"@type":"SearchAction","target":{"@type":"EntryPoint","urlTemplate":"https:\/\/apptooltester.com\/de\/?s={search_term_string}"},"query-input":{"@type":"PropertyValueSpecification","valueRequired":true,"valueName":"search_term_string"}}],"inLanguage":"fr-FR"}]}},"_links":{"self":[{"href":"https:\/\/apptooltester.com\/fr\/wp-json\/wp\/v2\/pages\/1608","targetHints":{"allow":["GET"]}}],"collection":[{"href":"https:\/\/apptooltester.com\/fr\/wp-json\/wp\/v2\/pages"}],"about":[{"href":"https:\/\/apptooltester.com\/fr\/wp-json\/wp\/v2\/types\/page"}],"author":[{"embeddable":true,"href":"https:\/\/apptooltester.com\/fr\/wp-json\/wp\/v2\/users\/8"}],"replies":[{"embeddable":true,"href":"https:\/\/apptooltester.com\/fr\/wp-json\/wp\/v2\/comments?post=1608"}],"version-history":[{"count":0,"href":"https:\/\/apptooltester.com\/fr\/wp-json\/wp\/v2\/pages\/1608\/revisions"}],"wp:attachment":[{"href":"https:\/\/apptooltester.com\/fr\/wp-json\/wp\/v2\/media?parent=1608"}],"curies":[{"name":"wp","href":"https:\/\/api.w.org\/{rel}","templated":true}]}}