{"id":1565,"date":"2016-03-16T01:08:16","date_gmt":"2016-03-16T01:08:16","guid":{"rendered":"http:\/\/apptooltesterc.wpenginepowered.com\/home\/"},"modified":"2017-11-03T11:27:52","modified_gmt":"2017-11-03T10:27:52","slug":"creer-une-application-mobile","status":"publish","type":"page","link":"https:\/\/apptooltester.com\/fr\/","title":{"rendered":"Home"},"content":{"rendered":"","protected":false},"excerpt":{"rendered":"","protected":false},"author":2,"featured_media":0,"parent":0,"menu_order":0,"comment_status":"closed","ping_status":"closed","template":"","meta":{"_acf_changed":false,"_lmt_disableupdate":"","_lmt_disable":"","footnotes":""},"class_list":["post-1565","page","type-page","status-publish","hentry"],"acf":[],"yoast_head":"<!-- This site is optimized with the Yoast SEO plugin v26.3 - https:\/\/yoast.com\/wordpress\/plugins\/seo\/ -->\n<title>Envie de Cr\u00e9er Votre Propre Appli? Faites Le Sans Code!<\/title>\n<meta name=\"description\" content=\"Vous voulez cr\u00e9er une apppli? Nous comparons tous les \u00e9diteurs d&#039;applications qui vous permettent de cr\u00e9er une appli iOS ou Android sans une ligne de code.\" \/>\n<meta name=\"robots\" content=\"index, follow, max-snippet:-1, max-image-preview:large, max-video-preview:-1\" \/>\n<link rel=\"canonical\" href=\"https:\/\/apptooltester.com\/fr\/\" \/>\n<meta property=\"og:locale\" content=\"fr_FR\" \/>\n<meta property=\"og:type\" content=\"article\" \/>\n<meta property=\"og:title\" content=\"Envie de Cr\u00e9er Votre Propre Appli? Faites Le Sans Code!\" \/>\n<meta property=\"og:description\" content=\"Vous voulez cr\u00e9er une apppli? Nous comparons tous les \u00e9diteurs d&#039;applications qui vous permettent de cr\u00e9er une appli iOS ou Android sans une ligne de code.\" \/>\n<meta property=\"og:url\" content=\"https:\/\/apptooltester.com\/fr\/\" \/>\n<meta property=\"og:site_name\" content=\"AppToolTester\" \/>\n<meta property=\"article:publisher\" content=\"https:\/\/facebook.com\/apptooltester\" \/>\n<meta property=\"article:modified_time\" content=\"2017-11-03T10:27:52+00:00\" \/>\n<meta name=\"twitter:card\" content=\"summary_large_image\" \/>\n<meta name=\"twitter:site\" content=\"@apptooltester\" \/>\n<script type=\"application\/ld+json\" class=\"yoast-schema-graph\">{\"@context\":\"https:\/\/schema.org\",\"@graph\":[{\"@type\":\"WebPage\",\"@id\":\"https:\/\/apptooltester.com\/fr\/\",\"url\":\"https:\/\/apptooltester.com\/fr\/\",\"name\":\"Envie de Cr\u00e9er Votre Propre Appli? Faites Le Sans Code!\",\"isPartOf\":{\"@id\":\"https:\/\/apptooltester.com\/de\/#website\"},\"datePublished\":\"2016-03-16T01:08:16+00:00\",\"dateModified\":\"2017-11-03T10:27:52+00:00\",\"description\":\"Vous voulez cr\u00e9er une apppli? Nous comparons tous les \u00e9diteurs d'applications qui vous permettent de cr\u00e9er une appli iOS ou Android sans une ligne de code.\",\"breadcrumb\":{\"@id\":\"https:\/\/apptooltester.com\/fr\/#breadcrumb\"},\"inLanguage\":\"fr-FR\",\"potentialAction\":[{\"@type\":\"ReadAction\",\"target\":[\"https:\/\/apptooltester.com\/fr\/\"]}]},{\"@type\":\"BreadcrumbList\",\"@id\":\"https:\/\/apptooltester.com\/fr\/#breadcrumb\",\"itemListElement\":[{\"@type\":\"ListItem\",\"position\":1,\"name\":\"Home\",\"item\":\"https:\/\/apptooltester.com\/fr\/\"},{\"@type\":\"ListItem\",\"position\":2,\"name\":\"Home\"}]},{\"@type\":\"WebSite\",\"@id\":\"https:\/\/apptooltester.com\/de\/#website\",\"url\":\"https:\/\/apptooltester.com\/de\/\",\"name\":\"AppToolTester\",\"description\":\"Find the right app maker for your project\",\"potentialAction\":[{\"@type\":\"SearchAction\",\"target\":{\"@type\":\"EntryPoint\",\"urlTemplate\":\"https:\/\/apptooltester.com\/de\/?s={search_term_string}\"},\"query-input\":{\"@type\":\"PropertyValueSpecification\",\"valueRequired\":true,\"valueName\":\"search_term_string\"}}],\"inLanguage\":\"fr-FR\"}]}<\/script>\n<!-- \/ Yoast SEO plugin. -->","yoast_head_json":{"title":"Envie de Cr\u00e9er Votre Propre Appli? Faites Le Sans Code!","description":"Vous voulez cr\u00e9er une apppli? Nous comparons tous les \u00e9diteurs d'applications qui vous permettent de cr\u00e9er une appli iOS ou Android sans une ligne de code.","robots":{"index":"index","follow":"follow","max-snippet":"max-snippet:-1","max-image-preview":"max-image-preview:large","max-video-preview":"max-video-preview:-1"},"canonical":"https:\/\/apptooltester.com\/fr\/","og_locale":"fr_FR","og_type":"article","og_title":"Envie de Cr\u00e9er Votre Propre Appli? Faites Le Sans Code!","og_description":"Vous voulez cr\u00e9er une apppli? Nous comparons tous les \u00e9diteurs d'applications qui vous permettent de cr\u00e9er une appli iOS ou Android sans une ligne de code.","og_url":"https:\/\/apptooltester.com\/fr\/","og_site_name":"AppToolTester","article_publisher":"https:\/\/facebook.com\/apptooltester","article_modified_time":"2017-11-03T10:27:52+00:00","twitter_card":"summary_large_image","twitter_site":"@apptooltester","schema":{"@context":"https:\/\/schema.org","@graph":[{"@type":"WebPage","@id":"https:\/\/apptooltester.com\/fr\/","url":"https:\/\/apptooltester.com\/fr\/","name":"Envie de Cr\u00e9er Votre Propre Appli? Faites Le Sans Code!","isPartOf":{"@id":"https:\/\/apptooltester.com\/de\/#website"},"datePublished":"2016-03-16T01:08:16+00:00","dateModified":"2017-11-03T10:27:52+00:00","description":"Vous voulez cr\u00e9er une apppli? Nous comparons tous les \u00e9diteurs d'applications qui vous permettent de cr\u00e9er une appli iOS ou Android sans une ligne de code.","breadcrumb":{"@id":"https:\/\/apptooltester.com\/fr\/#breadcrumb"},"inLanguage":"fr-FR","potentialAction":[{"@type":"ReadAction","target":["https:\/\/apptooltester.com\/fr\/"]}]},{"@type":"BreadcrumbList","@id":"https:\/\/apptooltester.com\/fr\/#breadcrumb","itemListElement":[{"@type":"ListItem","position":1,"name":"Home","item":"https:\/\/apptooltester.com\/fr\/"},{"@type":"ListItem","position":2,"name":"Home"}]},{"@type":"WebSite","@id":"https:\/\/apptooltester.com\/de\/#website","url":"https:\/\/apptooltester.com\/de\/","name":"AppToolTester","description":"Find the right app maker for your project","potentialAction":[{"@type":"SearchAction","target":{"@type":"EntryPoint","urlTemplate":"https:\/\/apptooltester.com\/de\/?s={search_term_string}"},"query-input":{"@type":"PropertyValueSpecification","valueRequired":true,"valueName":"search_term_string"}}],"inLanguage":"fr-FR"}]}},"_links":{"self":[{"href":"https:\/\/apptooltester.com\/fr\/wp-json\/wp\/v2\/pages\/1565","targetHints":{"allow":["GET"]}}],"collection":[{"href":"https:\/\/apptooltester.com\/fr\/wp-json\/wp\/v2\/pages"}],"about":[{"href":"https:\/\/apptooltester.com\/fr\/wp-json\/wp\/v2\/types\/page"}],"author":[{"embeddable":true,"href":"https:\/\/apptooltester.com\/fr\/wp-json\/wp\/v2\/users\/2"}],"replies":[{"embeddable":true,"href":"https:\/\/apptooltester.com\/fr\/wp-json\/wp\/v2\/comments?post=1565"}],"version-history":[{"count":0,"href":"https:\/\/apptooltester.com\/fr\/wp-json\/wp\/v2\/pages\/1565\/revisions"}],"wp:attachment":[{"href":"https:\/\/apptooltester.com\/fr\/wp-json\/wp\/v2\/media?parent=1565"}],"curies":[{"name":"wp","href":"https:\/\/api.w.org\/{rel}","templated":true}]}}