{"id":1201,"date":"2016-12-09T12:42:20","date_gmt":"2016-12-09T11:42:20","guid":{"rendered":"http:\/\/apptooltesterc.wpenginepowered.com\/app-builder-reviews\/"},"modified":"2017-02-27T17:34:03","modified_gmt":"2017-02-27T16:34:03","slug":"app-baukasten-vergleich","status":"publish","type":"page","link":"https:\/\/apptooltester.com\/de\/app-baukasten-vergleich\/","title":{"rendered":"Die besten 5 App-Bauk\u00e4sten"},"content":{"rendered":"<p>&nbsp;<\/p>\n<h2><strong>Wie funktioniert unser Vergleichstool?<\/strong><\/h2>\n<p>Wir wollten ein Tool bereitstellen, das alle Informationen aus unseren Testberichten f\u00fcr die verschiedenen App-Bauk\u00e4sten enth\u00e4lt und dir gleichzeitig einen direkten Vergleich der Bauk\u00e4sten erm\u00f6glicht. So hast du alle Fakten zur Hand, die du f\u00fcr deine Entscheidung brauchst!<\/p>\n<p>Mit unserem Vergleichstool beh\u00e4ltst du den \u00dcberblick, ohne auf Details zu verzichten. Denn neben praktischen Kurzinfos haben wir auch alle Details aus unseren Testberichtstabellen in das Tool integriert. Diese Zusatzinfos poppen auf, sobald du den Mauszeiger \u00fcber einen Bereich bewegst.<\/p>\n<p>Wir haben hier unsere Top F\u00fcnf ausgew\u00e4hlt, aber du kannst dir nat\u00fcrlich selbst eine Kombination zusammenstellen. Zum Entfernen eines Baukastens klicke einfach auf das Kreuz rechts oben, zum Hinzuf\u00fcgen weiterer Bauk\u00e4sten klicke links auf das gro\u00dfe rote Pluszeichen. Die Tabelle wird \u00fcbrigens automatisch nach der <strong>H\u00f6he der Gesamtbewertung<\/strong> von links nach rechts sortiert.<\/p>\n<p>&nbsp;<\/p>\n<h3><strong>Unsere Favoriten unter den App-Bauk\u00e4sten<\/strong><\/h3>\n<p><strong>GoodBarber<\/strong> ist mit seinem flexiblen Designfokus und den vielen praktischen Funktionen unsere Nummer eins. Die zahlreichen attraktiven Themen lassen sich individuell anpassen \u2013 und das ganz einfach ohne spezielle Designkenntnisse. Zudem bietet GoodBarber tolle Standort- und Social-Funktionen. Das Tool und die Website gibt es auf Deutsch, den Support leider nicht. <a href=\"http:\/\/apptooltesterc.wpenginepowered.com\/de\/testberichte\/goodbarber\/\">Unseren vollst\u00e4ndigen Testbericht zu GoodBarber findest du hier.<\/a><\/p>\n<p>&nbsp;<\/p>\n<p><strong>Como DIY <\/strong>ist unsere Wahl beim Thema E-Commerce. Wer einen Shop erstellen m\u00f6chte oder \u2013 in der einen oder anderen Form \u2013 bereits einen besitzt, ist mit Como DIY gut beraten. Auch hier sind Tool und Website auf Deutsch verf\u00fcgbar, der Support jedoch nicht. <a href=\"http:\/\/apptooltesterc.wpenginepowered.com\/de\/testberichte\/como\/\">Unseren vollst\u00e4ndigen Testbericht zu Como DIY findest du hier.<\/a><\/p>\n<p>&nbsp;<\/p>\n<p><strong>AppYourself <\/strong>eignet sich dank flexibler E-Commerce-Funktionen ebenfalls gut f\u00fcr kleine Unternehmen. Die Benutzeroberfl\u00e4che ist einfach gehalten, was den Einstieg f\u00fcr Erstanwender erleichtert. Da es sich um ein Berliner Unternehmen handelt, sind Website und Support auf Deutsch verfasst. <a href=\"http:\/\/apptooltesterc.wpenginepowered.com\/de\/testberichte\/appyourself\/\"><u>Den vollst\u00e4ndigen Testbericht zu AppYourself findest du hier<\/u>.<\/a><\/p>\n<p>&nbsp;<\/p>\n<p><strong>Shoutem<\/strong> bietet ebenfalls tolle Social-Funktionen wie Chat und Pinnw\u00e4nde, aber auch praktische Standortfunktionen. Auch wenn das Design nicht ganz mit unserem Platz eins mithalten kann, sollte man sich ruhig die Zeit nehmen, die leistungsstarken Funktionen dieses Baukastens kennenzulernen. Leider gibt es die Website derzeit nur auf Englisch. <a href=\"http:\/\/apptooltesterc.wpenginepowered.com\/de\/testberichte\/shoutem\/\">Den vollst\u00e4ndigen Testbericht zu Shoutem findest du hier.<\/a><\/p>\n<p>&nbsp;<\/p>\n<p><strong>AppMakr<\/strong> ist mit seinen extrem g\u00fcnstigen Tarifen eine Option f\u00fcr Kostenbewusste. Man muss vielleicht etwas mehr M\u00fche investieren, um eine tolle App zu erstellen, aber wer nicht viel ausgeben will, sollte einen Versuch riskieren. Leider gibt es die Website nicht auf Deutsch. <a href=\"http:\/\/apptooltesterc.wpenginepowered.com\/de\/testberichte\/appmakr\/\">Den vollst\u00e4ndigen Testbericht zu AppMakr findest du hier.<\/a><\/p>\n<p>&nbsp;<\/p>\n<p>Wir konnten leider nicht <em>alles<\/em> auf dieser Seite unterbringen, aber wenn du mehr \u00fcber die einzelnen App-Bauk\u00e4sten erfahren willst, sieh dir unsere detaillierten Testberichte an \u2013 mit Videos, Vor- und Nachteilen, Screenshots und mehr!<\/p>\n<p>&nbsp;<\/p>\n<p>Falls du Fragen hast, sende uns einfach eine <a href=\"http:\/\/apptooltesterc.wpenginepowered.com\/de\/kontakt\/\">Nachricht<\/a>. Wir freuen uns auf dein Feedback!<\/p>\n<p>&nbsp;<\/p>\n","protected":false},"excerpt":{"rendered":"<p>&nbsp; Wie funktioniert unser Vergleichstool? Wir wollten ein Tool bereitstellen, das alle Informationen aus unseren Testberichten f\u00fcr die verschiedenen App-Bauk\u00e4sten enth\u00e4lt und dir gleichzeitig einen direkten Vergleich der Bauk\u00e4sten erm\u00f6glicht. So hast du alle Fakten zur Hand, die du f\u00fcr deine Entscheidung brauchst! Mit unserem Vergleichstool beh\u00e4ltst du den \u00dcberblick, ohne auf Details zu verzichten. <\/p>\n","protected":false},"author":8,"featured_media":0,"parent":0,"menu_order":0,"comment_status":"closed","ping_status":"closed","template":"comparison-pages.php","meta":{"_acf_changed":false,"_lmt_disableupdate":"","_lmt_disable":"","footnotes":""},"class_list":["post-1201","page","type-page","status-publish","hentry"],"acf":[],"yoast_head":"<!-- This site is optimized with the Yoast SEO plugin v26.3 - https:\/\/yoast.com\/wordpress\/plugins\/seo\/ -->\n<title>App-Baukasten Vergleich: finde den besten App-Baukasten<\/title>\n<meta name=\"description\" content=\"Wenn du auf der Suche nach dem besten und g\u00fcnstigsten App-Baukasten f\u00fcr dein Projekt bist, sieh dir unsere ausf\u00fchrlichen Testberichte an.\" \/>\n<meta name=\"robots\" content=\"index, follow, max-snippet:-1, max-image-preview:large, max-video-preview:-1\" \/>\n<link rel=\"canonical\" href=\"https:\/\/apptooltester.com\/de\/app-baukasten-vergleich\/\" \/>\n<meta property=\"og:locale\" content=\"de_DE\" \/>\n<meta property=\"og:type\" content=\"article\" \/>\n<meta property=\"og:title\" content=\"App-Baukasten Vergleich: finde den besten App-Baukasten\" \/>\n<meta property=\"og:description\" content=\"Wenn du auf der Suche nach dem besten und g\u00fcnstigsten App-Baukasten f\u00fcr dein Projekt bist, sieh dir unsere ausf\u00fchrlichen Testberichte an.\" \/>\n<meta property=\"og:url\" content=\"https:\/\/apptooltester.com\/de\/app-baukasten-vergleich\/\" \/>\n<meta property=\"og:site_name\" content=\"AppToolTester\" \/>\n<meta property=\"article:publisher\" content=\"https:\/\/facebook.com\/apptooltester\" \/>\n<meta property=\"article:modified_time\" content=\"2017-02-27T16:34:03+00:00\" \/>\n<meta name=\"twitter:card\" content=\"summary_large_image\" \/>\n<meta name=\"twitter:site\" content=\"@apptooltester\" \/>\n<meta name=\"twitter:label1\" content=\"Est. reading time\" \/>\n\t<meta name=\"twitter:data1\" content=\"2 minutes\" \/>\n<script type=\"application\/ld+json\" class=\"yoast-schema-graph\">{\"@context\":\"https:\/\/schema.org\",\"@graph\":[{\"@type\":\"WebPage\",\"@id\":\"https:\/\/apptooltester.com\/de\/app-baukasten-vergleich\/\",\"url\":\"https:\/\/apptooltester.com\/de\/app-baukasten-vergleich\/\",\"name\":\"App-Baukasten Vergleich: finde den besten App-Baukasten\",\"isPartOf\":{\"@id\":\"https:\/\/apptooltester.com\/de\/#website\"},\"datePublished\":\"2016-12-09T11:42:20+00:00\",\"dateModified\":\"2017-02-27T16:34:03+00:00\",\"description\":\"Wenn du auf der Suche nach dem besten und g\u00fcnstigsten App-Baukasten f\u00fcr dein Projekt bist, sieh dir unsere ausf\u00fchrlichen Testberichte an.\",\"breadcrumb\":{\"@id\":\"https:\/\/apptooltester.com\/de\/app-baukasten-vergleich\/#breadcrumb\"},\"inLanguage\":\"de-DE\",\"potentialAction\":[{\"@type\":\"ReadAction\",\"target\":[\"https:\/\/apptooltester.com\/de\/app-baukasten-vergleich\/\"]}]},{\"@type\":\"BreadcrumbList\",\"@id\":\"https:\/\/apptooltester.com\/de\/app-baukasten-vergleich\/#breadcrumb\",\"itemListElement\":[{\"@type\":\"ListItem\",\"position\":1,\"name\":\"Home\",\"item\":\"https:\/\/apptooltester.com\/de\/\"},{\"@type\":\"ListItem\",\"position\":2,\"name\":\"Die besten 5 App-Bauk\u00e4sten\"}]},{\"@type\":\"WebSite\",\"@id\":\"https:\/\/apptooltester.com\/de\/#website\",\"url\":\"https:\/\/apptooltester.com\/de\/\",\"name\":\"AppToolTester\",\"description\":\"Find the right app maker for your project\",\"potentialAction\":[{\"@type\":\"SearchAction\",\"target\":{\"@type\":\"EntryPoint\",\"urlTemplate\":\"https:\/\/apptooltester.com\/de\/?s={search_term_string}\"},\"query-input\":{\"@type\":\"PropertyValueSpecification\",\"valueRequired\":true,\"valueName\":\"search_term_string\"}}],\"inLanguage\":\"de-DE\"}]}<\/script>\n<!-- \/ Yoast SEO plugin. -->","yoast_head_json":{"title":"App-Baukasten Vergleich: finde den besten App-Baukasten","description":"Wenn du auf der Suche nach dem besten und g\u00fcnstigsten App-Baukasten f\u00fcr dein Projekt bist, sieh dir unsere ausf\u00fchrlichen Testberichte an.","robots":{"index":"index","follow":"follow","max-snippet":"max-snippet:-1","max-image-preview":"max-image-preview:large","max-video-preview":"max-video-preview:-1"},"canonical":"https:\/\/apptooltester.com\/de\/app-baukasten-vergleich\/","og_locale":"de_DE","og_type":"article","og_title":"App-Baukasten Vergleich: finde den besten App-Baukasten","og_description":"Wenn du auf der Suche nach dem besten und g\u00fcnstigsten App-Baukasten f\u00fcr dein Projekt bist, sieh dir unsere ausf\u00fchrlichen Testberichte an.","og_url":"https:\/\/apptooltester.com\/de\/app-baukasten-vergleich\/","og_site_name":"AppToolTester","article_publisher":"https:\/\/facebook.com\/apptooltester","article_modified_time":"2017-02-27T16:34:03+00:00","twitter_card":"summary_large_image","twitter_site":"@apptooltester","twitter_misc":{"Est. reading time":"2 minutes"},"schema":{"@context":"https:\/\/schema.org","@graph":[{"@type":"WebPage","@id":"https:\/\/apptooltester.com\/de\/app-baukasten-vergleich\/","url":"https:\/\/apptooltester.com\/de\/app-baukasten-vergleich\/","name":"App-Baukasten Vergleich: finde den besten App-Baukasten","isPartOf":{"@id":"https:\/\/apptooltester.com\/de\/#website"},"datePublished":"2016-12-09T11:42:20+00:00","dateModified":"2017-02-27T16:34:03+00:00","description":"Wenn du auf der Suche nach dem besten und g\u00fcnstigsten App-Baukasten f\u00fcr dein Projekt bist, sieh dir unsere ausf\u00fchrlichen Testberichte an.","breadcrumb":{"@id":"https:\/\/apptooltester.com\/de\/app-baukasten-vergleich\/#breadcrumb"},"inLanguage":"de-DE","potentialAction":[{"@type":"ReadAction","target":["https:\/\/apptooltester.com\/de\/app-baukasten-vergleich\/"]}]},{"@type":"BreadcrumbList","@id":"https:\/\/apptooltester.com\/de\/app-baukasten-vergleich\/#breadcrumb","itemListElement":[{"@type":"ListItem","position":1,"name":"Home","item":"https:\/\/apptooltester.com\/de\/"},{"@type":"ListItem","position":2,"name":"Die besten 5 App-Bauk\u00e4sten"}]},{"@type":"WebSite","@id":"https:\/\/apptooltester.com\/de\/#website","url":"https:\/\/apptooltester.com\/de\/","name":"AppToolTester","description":"Find the right app maker for your project","potentialAction":[{"@type":"SearchAction","target":{"@type":"EntryPoint","urlTemplate":"https:\/\/apptooltester.com\/de\/?s={search_term_string}"},"query-input":{"@type":"PropertyValueSpecification","valueRequired":true,"valueName":"search_term_string"}}],"inLanguage":"de-DE"}]}},"_links":{"self":[{"href":"https:\/\/apptooltester.com\/de\/wp-json\/wp\/v2\/pages\/1201","targetHints":{"allow":["GET"]}}],"collection":[{"href":"https:\/\/apptooltester.com\/de\/wp-json\/wp\/v2\/pages"}],"about":[{"href":"https:\/\/apptooltester.com\/de\/wp-json\/wp\/v2\/types\/page"}],"author":[{"embeddable":true,"href":"https:\/\/apptooltester.com\/de\/wp-json\/wp\/v2\/users\/8"}],"replies":[{"embeddable":true,"href":"https:\/\/apptooltester.com\/de\/wp-json\/wp\/v2\/comments?post=1201"}],"version-history":[{"count":0,"href":"https:\/\/apptooltester.com\/de\/wp-json\/wp\/v2\/pages\/1201\/revisions"}],"wp:attachment":[{"href":"https:\/\/apptooltester.com\/de\/wp-json\/wp\/v2\/media?parent=1201"}],"curies":[{"name":"wp","href":"https:\/\/api.w.org\/{rel}","templated":true}]}}