{"id":1176,"date":"2017-02-01T16:31:02","date_gmt":"2017-02-01T15:31:02","guid":{"rendered":"http:\/\/apptooltesterc.wpenginepowered.com\/?page_id=1176\/"},"modified":"2017-07-04T12:35:15","modified_gmt":"2017-07-04T11:35:15","slug":"impressum","status":"publish","type":"page","link":"https:\/\/apptooltester.com\/de\/impressum\/","title":{"rendered":"Impressum"},"content":{"rendered":"<p>ToolTester S.L.<br \/>\nRobert Brandl<br \/>\nRambla de Catalunya 125, 3-2<br \/>\n08008 Barcelona<br \/>\nSpanien<br \/>\nTelefon: +498133 \/ 3033496 (nicht f\u00fcr Support)<\/p>\n<p>E-Mail: info [at] apptooltester.com (nicht f\u00fcr Support)<\/p>\n<p>USt-IdNr: ESB67013227<\/p>\n<p>Internet:\u00a0<a href=\"http:\/\/apptooltesterc.wpenginepowered.com\/\" target=\"_blank\" rel=\"noopener noreferrer\">www.apptooltester.com<\/a><\/p>\n<p>Verantwortlich f\u00fcr den Inhalt nach \u00a7 55 Abs. 2 RStV: Robert Brandl<\/p>\n<p>&nbsp;<\/p>\n<h2>Hinweise zum Urheberrecht und zur Haftung<\/h2>\n<p>Alle angebotenen Inhalte dienen ausschlie\u00dflich der Information. Die in dieser Site \u00f6ffentlich zug\u00e4nglich gemachten Dokumente einschlie\u00dflich anderer dazugeh\u00f6riger Daten wie z. B. Bilder, Grafiken, Programmiercodes sind urheberrechtlich gesch\u00fctzt. Verantwortlich f\u00fcr die Inhalte sind die jeweiligen Autoren. F\u00fcr Dokumente, die in elektronischer Form \u00fcber Datennetze angeboten werden, gilt uneingeschr\u00e4nkt das Urheberrechtsgesetz (UrhG). Insbesondere gilt: Einzelne Vervielf\u00e4ltigungen, z. B. Kopien und Ausdrucke, d\u00fcrfen nur zum privaten und sonstigen eigenen Gebrauch angefertigt werden (Paragraph 53 UrhG). Die Herstellung und Verbreitung von weiteren Reproduktionen ist nur mit ausdr\u00fccklicher Genehmigung des Urhebers gestattet. Der Benutzer ist f\u00fcr die Einhaltung der Rechtsvorschriften selbst verantwortlich und kann bei Missbrauch haftbar gemacht werden.<\/p>\n<p>Alle Inhalte dieser Internetpr\u00e4sentation werden wiedergegeben ohne Gew\u00e4hr f\u00fcr ihre Richtigkeit, Aktualit\u00e4t und Vollst\u00e4ndigkeit. In keinem Fall wird f\u00fcr Sch\u00e4den, die sich aus der Verwendung der abgerufenen Informationen ergeben, eine Haftung \u00fcbernommen. F\u00fcr die Inhalte der \u00fcber Hyperlinks verbundenen Angebote auf andere Sites sind die jeweiligen Betreiber verantwortlich. Die Wiedergabe von Namen und Marken auf diesen Seiten sowie in den \u00f6ffentlich zug\u00e4nglich gemachten Dokumenten berechtigt auch ohne besondere Kennzeichnung nicht zu der Annahme, dass solche Namen und Marken im Sinne des Wettbewerbs- und Markenrechts als frei zu betrachten sind und von jedermann benutzt werden d\u00fcrfen. Alle angebotenen Inhalte und Dienste sowie s\u00e4mtliches mit dieser Site zusammenh\u00e4ngendes Tun, Dulden oder Unterlassen unterliegt ausschlie\u00dflich deutschem Recht.<\/p>\n<h2>Verlinkungen auf AppToolTester.com<\/h2>\n<p>Verlinkungen auf diese Website sind ausdr\u00fccklich erw\u00fcnscht.<\/p>\n<h2>Webanalyse<\/h2>\n<p>Diese Website benutzt Google Analytics, einen Webanalysedienst der Google Inc. (\u201eGoogle\u201c). Google Analytics verwendet sog. \u201eCookies\u201c, Textdateien, die auf Ihrem Computer gespeichert werden und die eine Analyse der Benutzung der Website durch Sie erm\u00f6glichen. Die durch den Cookie erzeugten Informationen \u00fcber Ihre Benutzung dieser Website werden in der Regel an einen Server von Google in den USA \u00fcbertragen und dort gespeichert. Im Falle der Aktivierung der IP-Anonymisierung auf dieser Webseite, wird Ihre IP-Adresse von Google jedoch innerhalb von Mitgliedstaaten der Europ\u00e4ischen Union oder in anderen Vertragsstaaten des Abkommens \u00fcber den Europ\u00e4ischen Wirtschaftsraum zuvor gek\u00fcrzt. Nur in Ausnahmef\u00e4llen wird die volle IP-Adresse an einen Server von Google in den USA \u00fcbertragen und dort gek\u00fcrzt. Im Auftrag des Betreibers dieser Website wird Google diese Informationen benutzen, um Ihre Nutzung der Website auszuwerten, um Reports \u00fcber die Websiteaktivit\u00e4ten zusammenzustellen und um weitere mit der Websitenutzung und der Internetnutzung verbundene Dienstleistungen gegen\u00fcber dem Websitebetreiber zu erbringen. Die im Rahmen von Google Analytics von Ihrem Browser \u00fcbermittelte IP-Adresse wird nicht mit anderen Daten von Google zusammengef\u00fchrt. Sie k\u00f6nnen die Speicherung der Cookies durch eine entsprechende Einstellung Ihrer Browser-Software verhindern; wir weisen Sie jedoch darauf hin, dass Sie in diesem Fall gegebenenfalls nicht s\u00e4mtliche Funktionen dieser Website vollumf\u00e4nglich werden nutzen k\u00f6nnen. Sie k\u00f6nnen dar\u00fcber hinaus die Erfassung der durch das Cookie erzeugten und auf Ihre Nutzung der Website bezogenen Daten (inkl. Ihrer IP-Adresse) an Google sowie die Verarbeitung dieser Daten durch Google verhindern, indem sie das unter dem folgenden Link verf\u00fcgbare Browser-Plugin herunterladen und installieren [http:\/\/tools.google.com\/dlpage\/gaoptout?hl=de].<\/p>\n<p><strong>Datenschutzerkl\u00e4rung f\u00fcr die Nutzung von Facebook-Plugins (Like-Button)<\/strong><br \/>\nAuf unseren Seiten sind Plugins des sozialen Netzwerks Facebook, 1601 South California Avenue, Palo Alto, CA 94304, USA integriert. Die Facebook-Plugins erkennen Sie an dem Facebook-Logo oder dem &#8220;Like-Button&#8221; (&#8220;Gef\u00e4llt mir&#8221;) auf unserer Seite. Eine \u00dcbersicht \u00fcber die Facebook-Plugins finden Sie hier: http:\/\/developers.facebook.com\/docs\/plugins\/.<br \/>\nWenn Sie unsere Seiten besuchen, wird \u00fcber das Plugin eine direkte Verbindung zwischen Ihrem Browser und dem Facebook-Server hergestellt. Facebook erh\u00e4lt dadurch die Information, dass Sie mit Ihrer IP-Adresse unsere Seite besucht haben. Wenn Sie den Facebook &#8220;Like-Button&#8221; anklicken w\u00e4hrend Sie in Ihrem Facebook-Account eingeloggt sind, k\u00f6nnen Sie die Inhalte unserer Seiten auf Ihrem Facebook-Profil verlinken. Dadurch kann Facebook den Besuch unserer Seiten Ihrem Benutzerkonto zuordnen. Wir weisen darauf hin, dass wir als Anbieter der Seiten keine Kenntnis vom Inhalt der \u00fcbermittelten Daten sowie deren Nutzung durch Facebook erhalten. Weitere Informationen hierzu finden Sie in der Datenschutzerkl\u00e4rung von facebook unter http:\/\/de-de.facebook.com\/policy.php<\/p>\n<p>Wenn Sie nicht w\u00fcnschen, dass Facebook den Besuch unserer Seiten Ihrem Facebook-Nutzerkonto zuordnen kann, loggen Sie sich bitte aus Ihrem Facebook-Benutzerkonto aus.<\/p>\n<p><strong>Datenschutzerkl\u00e4rung f\u00fcr die Nutzung von Twitter<\/strong><br \/>\nAuf unseren Seiten sind Funktionen des Dienstes Twitter eingebunden. Diese Funktionen werden angeboten durch die Twitter Inc., 795 Folsom St., Suite 600, San Francisco, CA 94107, USA. Durch das Benutzen von Twitter und der Funktion &#8220;Re-Tweet&#8221; werden die von Ihnen besuchten Webseiten mit Ihrem Twitter-Account verkn\u00fcpft und anderen Nutzern bekannt gegeben. Dabei werden auch Daten an Twitter \u00fcbertragen.Wir weisen darauf hin, dass wir als Anbieter der Seiten keine Kenntnis vom Inhalt der \u00fcbermittelten Daten sowie deren Nutzung durch Twitter erhalten. Weitere Informationen hierzu finden Sie in der Datenschutzerkl\u00e4rung von Twitter unter http:\/\/twitter.com\/privacy.<\/p>\n<p>Ihre Datenschutzeinstellungen bei Twitter k\u00f6nnen Sie in den Konto-Einstellungen unter http:\/\/twitter.com\/account\/settings \u00e4ndern.<\/p>\n<p><strong>Datenschutzerkl\u00e4rung f\u00fcr die Nutzung von Google +1<\/strong><br \/>\nErfassung und Weitergabe von Informationen:<br \/>\nMithilfe der Google +1-Schaltfl\u00e4che k\u00f6nnen Sie Informationen weltweit ver\u00f6ffentlichen. \u00fcber die Google +1-Schaltfl\u00e4che erhalten Sie und andere Nutzer personalisierte Inhalte von Google und unseren Partnern. Google speichert sowohl die Information, dass Sie f\u00fcr einen Inhalt +1 gegeben haben, als auch Informationen \u00fcber die Seite, die Sie beim Klicken auf +1 angesehen haben. Ihre +1 k\u00f6nnen als Hinweise zusammen mit Ihrem Profilnamen und Ihrem Foto in Google-Diensten, wie etwa in Suchergebnissen oder in Ihrem Google-Profil, oder an anderen Stellen auf Websites und Anzeigen im Internet eingeblendet werden.<br \/>\nGoogle zeichnet Informationen \u00fcber Ihre +1-Aktivit\u00e4ten auf, um die Google-Dienste f\u00fcr Sie und andere zu verbessern. Um die Google +1-Schaltfl\u00e4che verwenden zu k\u00f6nnen, ben\u00f6tigen Sie ein weltweit sichtbares, \u00f6ffentliches Google-Profil, das zumindest den f\u00fcr das Profil gew\u00e4hlten Namen enthalten muss. Dieser Name wird in allen Google-Diensten verwendet. In manchen F\u00e4llen kann dieser Name auch einen anderen Namen ersetzen, den Sie beim Teilen von Inhalten \u00fcber Ihr Google-Konto verwendet haben. Die Identit\u00e4t Ihres Google-Profils kann Nutzern angezeigt werden, die Ihre E-Mail-Adresse kennen oder \u00fcber andere identifizierende Informationen von Ihnen verf\u00fcgen.<\/p>\n<p>Verwendung der erfassten Informationen:<br \/>\nNeben den oben erl\u00e4uterten Verwendungszwecken werden die von Ihnen bereitgestellten Informationen gem\u00e4\u00df den geltenden Google-Datenschutzbestimmungen genutzt. Google ver\u00f6ffentlicht m\u00f6glicherweise zusammengefasste Statistiken \u00fcber die +1-Aktivit\u00e4ten der Nutzer bzw. gibt diese an Nutzer und Partner weiter, wie etwa Publisher, Inserenten oder verbundene Websites.<\/p>\n<p><strong>Retargeting<\/strong><br \/>\nZus\u00e4tzlich zur Nutzung von Cookies und verwandten Technologien, erlauben wir bestimmten externen\u00a0Diensten\u00a0uns bei der individuellen, interessenbezogenen Anpassung unserer Werbeanzeigen f\u00fcr unsere User zu helfen und andere Nutzungsdaten auf unseren Websites und\/oder im Zusammenhang mit unseren Dienstleistungen zu sammeln und zu nutzen (z. B. um Werbeanzeigen f\u00fcr Dienstleistungen von Drittanbietern anzupassen).\u00a0Diese Unternehmen liefern ggfs.\u00a0Werbeanzeigen, die auch Cookies platzieren oder andere Tracking-Methoden nutzen.<\/p>\n<h2>Weitere Hinweise<\/h2>\n<p>Die Website apptooltester.com verwendet Partnerlinks zur Finanzierung der Website. Informationen \u00fcber unsere\u00a0Teilnahme an Affiliate-Programmen erhalten Sie im &#8220;<a href=\"https:\/\/www.websitetooltester.com\/uber-uns\/\" target=\"_self\" rel=\"noopener noreferrer\">\u00dcber uns<\/a>&#8221; Bereich.<\/p>\n<h3><\/h3>\n<p>&nbsp;<\/p>\n","protected":false},"excerpt":{"rendered":"<p>ToolTester S.L. Robert Brandl Rambla de Catalunya 125, 3-2 08008 Barcelona Spanien Telefon: +498133 \/ 3033496 (nicht f\u00fcr Support) E-Mail: info [at] apptooltester.com (nicht f\u00fcr Support) USt-IdNr: ESB67013227 Internet:\u00a0www.apptooltester.com Verantwortlich f\u00fcr den Inhalt nach \u00a7 55 Abs. 2 RStV: Robert Brandl &nbsp; Hinweise zum Urheberrecht und zur Haftung Alle angebotenen Inhalte dienen ausschlie\u00dflich der Information. <\/p>\n","protected":false},"author":5,"featured_media":0,"parent":0,"menu_order":0,"comment_status":"closed","ping_status":"closed","template":"","meta":{"_acf_changed":false,"_lmt_disableupdate":"","_lmt_disable":"","footnotes":""},"class_list":["post-1176","page","type-page","status-publish","hentry"],"acf":[],"yoast_head":"<!-- This site is optimized with the Yoast SEO plugin v26.3 - https:\/\/yoast.com\/wordpress\/plugins\/seo\/ -->\n<title>Impressum - AppToolTester<\/title>\n<meta name=\"robots\" content=\"index, follow, max-snippet:-1, max-image-preview:large, max-video-preview:-1\" \/>\n<link rel=\"canonical\" href=\"https:\/\/apptooltester.com\/de\/impressum\/\" \/>\n<meta property=\"og:locale\" content=\"de_DE\" \/>\n<meta property=\"og:type\" content=\"article\" \/>\n<meta property=\"og:title\" content=\"Impressum - AppToolTester\" \/>\n<meta property=\"og:description\" content=\"ToolTester S.L. Robert Brandl Rambla de Catalunya 125, 3-2 08008 Barcelona Spanien Telefon: +498133 \/ 3033496 (nicht f\u00fcr Support) E-Mail: info [at] apptooltester.com (nicht f\u00fcr Support) USt-IdNr: ESB67013227 Internet:\u00a0www.apptooltester.com Verantwortlich f\u00fcr den Inhalt nach \u00a7 55 Abs. 2 RStV: Robert Brandl &nbsp; Hinweise zum Urheberrecht und zur Haftung Alle angebotenen Inhalte dienen ausschlie\u00dflich der Information. [&hellip;]\" \/>\n<meta property=\"og:url\" content=\"https:\/\/apptooltester.com\/de\/impressum\/\" \/>\n<meta property=\"og:site_name\" content=\"AppToolTester\" \/>\n<meta property=\"article:publisher\" content=\"https:\/\/facebook.com\/apptooltester\" \/>\n<meta property=\"article:modified_time\" content=\"2017-07-04T11:35:15+00:00\" \/>\n<meta name=\"twitter:card\" content=\"summary_large_image\" \/>\n<meta name=\"twitter:site\" content=\"@apptooltester\" \/>\n<meta name=\"twitter:label1\" content=\"Est. reading time\" \/>\n\t<meta name=\"twitter:data1\" content=\"6 minutes\" \/>\n<script type=\"application\/ld+json\" class=\"yoast-schema-graph\">{\"@context\":\"https:\/\/schema.org\",\"@graph\":[{\"@type\":\"WebPage\",\"@id\":\"https:\/\/apptooltester.com\/de\/impressum\/\",\"url\":\"https:\/\/apptooltester.com\/de\/impressum\/\",\"name\":\"Impressum - AppToolTester\",\"isPartOf\":{\"@id\":\"https:\/\/apptooltester.com\/de\/#website\"},\"datePublished\":\"2017-02-01T15:31:02+00:00\",\"dateModified\":\"2017-07-04T11:35:15+00:00\",\"breadcrumb\":{\"@id\":\"https:\/\/apptooltester.com\/de\/impressum\/#breadcrumb\"},\"inLanguage\":\"de-DE\",\"potentialAction\":[{\"@type\":\"ReadAction\",\"target\":[\"https:\/\/apptooltester.com\/de\/impressum\/\"]}]},{\"@type\":\"BreadcrumbList\",\"@id\":\"https:\/\/apptooltester.com\/de\/impressum\/#breadcrumb\",\"itemListElement\":[{\"@type\":\"ListItem\",\"position\":1,\"name\":\"Home\",\"item\":\"https:\/\/apptooltester.com\/de\/\"},{\"@type\":\"ListItem\",\"position\":2,\"name\":\"Impressum\"}]},{\"@type\":\"WebSite\",\"@id\":\"https:\/\/apptooltester.com\/de\/#website\",\"url\":\"https:\/\/apptooltester.com\/de\/\",\"name\":\"AppToolTester\",\"description\":\"Find the right app maker for your project\",\"potentialAction\":[{\"@type\":\"SearchAction\",\"target\":{\"@type\":\"EntryPoint\",\"urlTemplate\":\"https:\/\/apptooltester.com\/de\/?s={search_term_string}\"},\"query-input\":{\"@type\":\"PropertyValueSpecification\",\"valueRequired\":true,\"valueName\":\"search_term_string\"}}],\"inLanguage\":\"de-DE\"}]}<\/script>\n<!-- \/ Yoast SEO plugin. -->","yoast_head_json":{"title":"Impressum - AppToolTester","robots":{"index":"index","follow":"follow","max-snippet":"max-snippet:-1","max-image-preview":"max-image-preview:large","max-video-preview":"max-video-preview:-1"},"canonical":"https:\/\/apptooltester.com\/de\/impressum\/","og_locale":"de_DE","og_type":"article","og_title":"Impressum - AppToolTester","og_description":"ToolTester S.L. Robert Brandl Rambla de Catalunya 125, 3-2 08008 Barcelona Spanien Telefon: +498133 \/ 3033496 (nicht f\u00fcr Support) E-Mail: info [at] apptooltester.com (nicht f\u00fcr Support) USt-IdNr: ESB67013227 Internet:\u00a0www.apptooltester.com Verantwortlich f\u00fcr den Inhalt nach \u00a7 55 Abs. 2 RStV: Robert Brandl &nbsp; Hinweise zum Urheberrecht und zur Haftung Alle angebotenen Inhalte dienen ausschlie\u00dflich der Information. [&hellip;]","og_url":"https:\/\/apptooltester.com\/de\/impressum\/","og_site_name":"AppToolTester","article_publisher":"https:\/\/facebook.com\/apptooltester","article_modified_time":"2017-07-04T11:35:15+00:00","twitter_card":"summary_large_image","twitter_site":"@apptooltester","twitter_misc":{"Est. reading time":"6 minutes"},"schema":{"@context":"https:\/\/schema.org","@graph":[{"@type":"WebPage","@id":"https:\/\/apptooltester.com\/de\/impressum\/","url":"https:\/\/apptooltester.com\/de\/impressum\/","name":"Impressum - AppToolTester","isPartOf":{"@id":"https:\/\/apptooltester.com\/de\/#website"},"datePublished":"2017-02-01T15:31:02+00:00","dateModified":"2017-07-04T11:35:15+00:00","breadcrumb":{"@id":"https:\/\/apptooltester.com\/de\/impressum\/#breadcrumb"},"inLanguage":"de-DE","potentialAction":[{"@type":"ReadAction","target":["https:\/\/apptooltester.com\/de\/impressum\/"]}]},{"@type":"BreadcrumbList","@id":"https:\/\/apptooltester.com\/de\/impressum\/#breadcrumb","itemListElement":[{"@type":"ListItem","position":1,"name":"Home","item":"https:\/\/apptooltester.com\/de\/"},{"@type":"ListItem","position":2,"name":"Impressum"}]},{"@type":"WebSite","@id":"https:\/\/apptooltester.com\/de\/#website","url":"https:\/\/apptooltester.com\/de\/","name":"AppToolTester","description":"Find the right app maker for your project","potentialAction":[{"@type":"SearchAction","target":{"@type":"EntryPoint","urlTemplate":"https:\/\/apptooltester.com\/de\/?s={search_term_string}"},"query-input":{"@type":"PropertyValueSpecification","valueRequired":true,"valueName":"search_term_string"}}],"inLanguage":"de-DE"}]}},"_links":{"self":[{"href":"https:\/\/apptooltester.com\/de\/wp-json\/wp\/v2\/pages\/1176","targetHints":{"allow":["GET"]}}],"collection":[{"href":"https:\/\/apptooltester.com\/de\/wp-json\/wp\/v2\/pages"}],"about":[{"href":"https:\/\/apptooltester.com\/de\/wp-json\/wp\/v2\/types\/page"}],"author":[{"embeddable":true,"href":"https:\/\/apptooltester.com\/de\/wp-json\/wp\/v2\/users\/5"}],"replies":[{"embeddable":true,"href":"https:\/\/apptooltester.com\/de\/wp-json\/wp\/v2\/comments?post=1176"}],"version-history":[{"count":0,"href":"https:\/\/apptooltester.com\/de\/wp-json\/wp\/v2\/pages\/1176\/revisions"}],"wp:attachment":[{"href":"https:\/\/apptooltester.com\/de\/wp-json\/wp\/v2\/media?parent=1176"}],"curies":[{"name":"wp","href":"https:\/\/api.w.org\/{rel}","templated":true}]}}